{"id":2541,"date":"2024-10-27T15:21:11","date_gmt":"2024-10-27T14:21:11","guid":{"rendered":"https:\/\/voyagesaugreduvent.com\/?page_id=2541"},"modified":"2024-11-16T14:16:40","modified_gmt":"2024-11-16T13:16:40","slug":"termes-et-conditions","status":"publish","type":"page","link":"https:\/\/voyagesaugreduvent.com\/en\/termes-et-conditions\/","title":{"rendered":"Terms and Conditions"},"content":{"rendered":"<div data-elementor-type=\"wp-page\" data-elementor-id=\"2541\" class=\"elementor elementor-2541\">\n\t\t\t\t<div class=\"elementor-element elementor-element-6c813ff e-flex e-con-boxed e-con e-parent\" data-id=\"6c813ff\" data-element_type=\"container\">\n\t\t\t\t\t<div class=\"e-con-inner\">\n\t\t\t\t<div class=\"elementor-element elementor-element-10c4536 elementor-widget elementor-widget-text-editor\" data-id=\"10c4536\" data-element_type=\"widget\" data-widget_type=\"text-editor.default\">\n\t\t\t\t<div class=\"elementor-widget-container\">\n\t\t\t\t\t\t\t\t\t<h3>Terms and conditions<\/h3><p><strong>Last updated : October 2024<\/strong><\/p><p>Welcome to <em>Voyages au gr\u00e9 du vent<\/em> (the \u201cSite\u201d). By accessing this Site, you agree to comply with the terms and conditions outlined below. If you do not agree with these terms, please refrain from using the Site.<\/p><h4>General Information<\/h4><p>The information provided on this Site is based on the personal experiences of the author. While efforts have been made to ensure that the information is accurate and up-to-date, <em>Voyages au gr\u00e9 du vent<\/em> cannot guarantee the completeness or accuracy of the content.<\/p><h4>Limitation of Liability<\/h4><p>The advice, recommendations, and opinions expressed on this Site are for informational purposes only. You acknowledge that any use of the information obtained from this Site is at your own risk. <em>Voyages au gr\u00e9 du vent<\/em> will not be liable for any losses or damages resulting from the use of the information provided.<\/p><h4>Affiliate Links<\/h4><p>This Site may contain affiliate links. This means that we may receive a commission if you click on these links and make a purchase. It will not cost you anything extra, and these commissions help support the Site. Thank you for your support.<\/p><h4>Copyright<\/h4><p>All content published on this Site, including text, images, graphics, and logos, is the property of <em>Voyage au gr\u00e9 du vent<\/em> or its respective authors. The content is protected by copyright laws. You may not reproduce, distribute, or use this content without our prior written permission.<\/p><h4>Privacy Policy<\/h4><p>If you sign up for our newsletter or contact us via a form, we collect certain personal information. This information will only be used to respond to your inquiries and send you relevant updates. We will not share your personal information with third parties without your consent.<\/p><h4>Terms of Use<\/h4><p>We reserve the right to remove or moderate any comments or content deemed inappropriate, offensive, or not in compliance with the community guidelines. By using this Site, you agree to abide by these terms.<\/p><h4>Modifications<\/h4><p><em>Voyage au gr\u00e9 du vent<\/em> reserves the right to modify these terms and conditions at any time. Any changes will take effect upon their publication on the Site. It is your responsibility to review this page regularly to stay informed of any updates.<\/p><h4>Contact<\/h4><p>For any questions regarding these terms and conditions, please contact us at: voyagesaugreduvent@gmail.com.<\/p>\t\t\t\t\t\t\t\t<\/div>\n\t\t\t\t<\/div>\n\t\t\t\t\t<\/div>\n\t\t\t\t<\/div>\n\t\t\t\t<\/div>","protected":false},"excerpt":{"rendered":"<p>Termes et Conditions Derni\u00e8re mise \u00e0 jour : Octobre 2024 Bienvenue sur Voyages au gr\u00e9 du vent (le \u00ab\u00a0Site\u00a0\u00bb). En acc\u00e9dant \u00e0 ce Site, vous acceptez de vous conformer aux termes et conditions \u00e9nonc\u00e9s ci-dessous. Si vous n&rsquo;acceptez pas ces termes, veuillez ne pas utiliser le Site. Informations G\u00e9n\u00e9rales Les informations fournies sur ce Site [&hellip;]<\/p>","protected":false},"author":1,"featured_media":0,"parent":0,"menu_order":0,"comment_status":"closed","ping_status":"closed","template":"","meta":{"_seopress_robots_primary_cat":"","_seopress_titles_title":"","_seopress_titles_desc":"","_seopress_robots_index":"","ocean_post_layout":"","ocean_both_sidebars_style":"","ocean_both_sidebars_content_width":0,"ocean_both_sidebars_sidebars_width":0,"ocean_sidebar":"","ocean_second_sidebar":"","ocean_disable_margins":"enable","ocean_add_body_class":"","ocean_shortcode_before_top_bar":"","ocean_shortcode_after_top_bar":"","ocean_shortcode_before_header":"","ocean_shortcode_after_header":"","ocean_has_shortcode":"","ocean_shortcode_after_title":"","ocean_shortcode_before_footer_widgets":"","ocean_shortcode_after_footer_widgets":"","ocean_shortcode_before_footer_bottom":"","ocean_shortcode_after_footer_bottom":"","ocean_display_top_bar":"default","ocean_display_header":"default","ocean_header_style":"","ocean_center_header_left_menu":"","ocean_custom_header_template":"","ocean_custom_logo":0,"ocean_custom_retina_logo":0,"ocean_custom_logo_max_width":0,"ocean_custom_logo_tablet_max_width":0,"ocean_custom_logo_mobile_max_width":0,"ocean_custom_logo_max_height":0,"ocean_custom_logo_tablet_max_height":0,"ocean_custom_logo_mobile_max_height":0,"ocean_header_custom_menu":"","ocean_menu_typo_font_family":"","ocean_menu_typo_font_subset":"","ocean_menu_typo_font_size":0,"ocean_menu_typo_font_size_tablet":0,"ocean_menu_typo_font_size_mobile":0,"ocean_menu_typo_font_size_unit":"px","ocean_menu_typo_font_weight":"","ocean_menu_typo_font_weight_tablet":"","ocean_menu_typo_font_weight_mobile":"","ocean_menu_typo_transform":"","ocean_menu_typo_transform_tablet":"","ocean_menu_typo_transform_mobile":"","ocean_menu_typo_line_height":0,"ocean_menu_typo_line_height_tablet":0,"ocean_menu_typo_line_height_mobile":0,"ocean_menu_typo_line_height_unit":"","ocean_menu_typo_spacing":0,"ocean_menu_typo_spacing_tablet":0,"ocean_menu_typo_spacing_mobile":0,"ocean_menu_typo_spacing_unit":"","ocean_menu_link_color":"","ocean_menu_link_color_hover":"","ocean_menu_link_color_active":"","ocean_menu_link_background":"","ocean_menu_link_hover_background":"","ocean_menu_link_active_background":"","ocean_menu_social_links_bg":"","ocean_menu_social_hover_links_bg":"","ocean_menu_social_links_color":"","ocean_menu_social_hover_links_color":"","ocean_disable_title":"default","ocean_disable_heading":"default","ocean_post_title":"","ocean_post_subheading":"","ocean_post_title_style":"","ocean_post_title_background_color":"","ocean_post_title_background":0,"ocean_post_title_bg_image_position":"","ocean_post_title_bg_image_attachment":"","ocean_post_title_bg_image_repeat":"","ocean_post_title_bg_image_size":"","ocean_post_title_height":0,"ocean_post_title_bg_overlay":0.5,"ocean_post_title_bg_overlay_color":"","ocean_disable_breadcrumbs":"default","ocean_breadcrumbs_color":"","ocean_breadcrumbs_separator_color":"","ocean_breadcrumbs_links_color":"","ocean_breadcrumbs_links_hover_color":"","ocean_display_footer_widgets":"default","ocean_display_footer_bottom":"default","ocean_custom_footer_template":"","footnotes":""},"class_list":["post-2541","page","type-page","status-publish","hentry","entry"],"_links":{"self":[{"href":"https:\/\/voyagesaugreduvent.com\/en\/wp-json\/wp\/v2\/pages\/2541","targetHints":{"allow":["GET"]}}],"collection":[{"href":"https:\/\/voyagesaugreduvent.com\/en\/wp-json\/wp\/v2\/pages"}],"about":[{"href":"https:\/\/voyagesaugreduvent.com\/en\/wp-json\/wp\/v2\/types\/page"}],"author":[{"embeddable":true,"href":"https:\/\/voyagesaugreduvent.com\/en\/wp-json\/wp\/v2\/users\/1"}],"replies":[{"embeddable":true,"href":"https:\/\/voyagesaugreduvent.com\/en\/wp-json\/wp\/v2\/comments?post=2541"}],"version-history":[{"count":28,"href":"https:\/\/voyagesaugreduvent.com\/en\/wp-json\/wp\/v2\/pages\/2541\/revisions"}],"predecessor-version":[{"id":4090,"href":"https:\/\/voyagesaugreduvent.com\/en\/wp-json\/wp\/v2\/pages\/2541\/revisions\/4090"}],"wp:attachment":[{"href":"https:\/\/voyagesaugreduvent.com\/en\/wp-json\/wp\/v2\/media?parent=2541"}],"curies":[{"name":"wp","href":"https:\/\/api.w.org\/{rel}","templated":true}]}}